{"id":7,"date":"2020-05-04T17:12:30","date_gmt":"2020-05-04T17:12:30","guid":{"rendered":"https:\/\/ciudadaniadigital.uai.cl\/web\/?page_id=7"},"modified":"2020-05-04T17:12:30","modified_gmt":"2020-05-04T17:12:30","slug":"quienes-somos","status":"publish","type":"page","link":"https:\/\/robotlab.uai.cl\/en\/quienes-somos\/","title":{"rendered":"Qui\u00e9nes somos"},"content":{"rendered":"<p>El programa <strong>Formando Ciudadan\u00eda Digital<\/strong> de la Escuela de Comunicaciones y Periodismo de la UAI busca que por medio de la co-construcci\u00f3n de pr\u00e1cticas adecuadas de comunicaci\u00f3n digital podamos aprovechar el potencial democr\u00e1tico de las nuevas tecnolog\u00edas.<\/p>\n<p>Para esto, investigamos y entregamos herramientas que permitan fortalecer los v\u00ednculos entre las personas, sus comunidades y con las instituciones en este nuevo escenario digital. Para lograrlo, consideramos crucial desarrollar habilidades para la producci\u00f3n creativa, responsable y el consumo cr\u00edtico de contenidos en medios digitales.<\/p>\n<p>Asimismo, buscamos estudiar la relaci\u00f3n de las nuevas generaciones y sus familias con las tecnolog\u00edas digitales, para, por una parte, promover pr\u00e1cticas adecuadas de comportamiento, especialmente en lo relacionado a evaluar y compartir contenidos y datos online. Como tambi\u00e9n para promover estrategias saludables y provechosas de acompa\u00f1amiento hacia las ni\u00f1as, ni\u00f1os y adolescente que contribuyan a su desarrollo como ciudadanos responsables, creativos y que vayan adquiriendo autonom\u00eda en un espacio que funciona, en parte, digitalmente.<\/p>\n<p>El programa <strong>Formando Ciudadan\u00eda Digital<\/strong> en concreto busca generar una comunidad de buenas pr\u00e1cticas entre la academia, medios y la comunidad escolar con el fin de reforzar la potencialidades del mundo digital para el buen ejercicio de la ciudadan\u00eda. El programa se desarrolla a partir de tres l\u00edneas de acci\u00f3n orientadas a los actores que componen la comunidad escolar: padres y apoderados, estudiantes y educadores.<\/p>\n<p><b>Tres desaf\u00edos en la formaci\u00f3n de una \u201cciudadan\u00eda digital\u201d<\/b><\/p>\n<p>En el pasado, una ciudadan\u00eda responsable significaba por un lado, participar de la vida p\u00fablica cumpliendo los deberes c\u00edvicos (estar informado, votar, respetar las leyes) y por otra, participar y contribuir al sistema econ\u00f3mico-productivo industrial. Los avances tecnol\u00f3gicos facilitan la vida en muchos aspectos, pero a la vez, generan desaf\u00edos en estas \u00e1reas de ciudadan\u00eda que este programa quiere contribuir a enfrentar:<\/p>\n<p><b>1) El desaf\u00edo de la participaci\u00f3n ciudadana<\/b><\/p>\n<p>Las tecnolog\u00edas digitales y en especial los medios sociales permiten a las personas expresarse sobre cualquier tema y organizarse para actuar conforme a ello. Sin embargo las instituciones democr\u00e1ticas tradicionales tienen estructuras y pr\u00e1cticas conservadoras con espacios limitados y r\u00edgidos para la participaci\u00f3n ciudadana, lo que hace que la ciudadan\u00eda y las instituciones se distancian en cuanto al entendimiento de lo que es hacer ciudadan\u00eda. Y hoy tenemos mundialmente un fen\u00f3meno de baja credibilidad y confianza en las instituciones.<\/p>\n<p><b>Formando ciudadan\u00eda digital investiga y pone en pr\u00e1cticas innovaciones democr\u00e1ticas que permitan, a trav\u00e9s de tecnolog\u00edas digitales, hacer puente entre ciudadan\u00eda e instituciones de gobernanza.<\/b><\/p>\n<p><b>2) El desaf\u00edo de la desinformaci\u00f3n<\/b><\/p>\n<p>Las personas tenemos una alta capacidad de detectar informaci\u00f3n novedosa en el ambiente que nos rodea, a la vez, la compartimos con otros para los cuales les puede ser \u00fatil. Los algoritmos de -visualizaci\u00f3n de las redes sociales catalizan y hacen correr m\u00e1s r\u00e1pido contenidos que al ser novedosos generan mayor tr\u00e1fico. Esta relaci\u00f3n es perversamente aprovechada por grupos y personas que dise\u00f1an contenidos falsos (Fake News), o intentan manipular la opini\u00f3n p\u00fablica para avanzar sus prop\u00f3sitos pol\u00edticos o ideol\u00f3gicos. Esta relaci\u00f3n no est\u00e1 enmarcada por normas \u00e9ticas o profesionales de los <span style=\"font-weight: 400;\">medios de prensa tradicionales, generando muchos desaf\u00edos a una discusi\u00f3n informada y basada en la evidencia.<\/span><\/p>\n<p><b>Formando ciudadan\u00eda busca desarrollar competencias de consumo cr\u00edtico y producci\u00f3n responsable de contenidos digitales. A la vez, que busca estrategias para relevar el rol del periodismo en la era digital.<\/b><\/p>\n<p><b>3) El desaf\u00edo de educar y desarrollarse en el medio digital<\/b><\/p>\n<p>Actualmente, estamos viviendo un cambio de Era promovido por las tecnolog\u00edas digitales, y los j\u00f3venes de hoy son la generaci\u00f3n puente entre esos dos mundos. Esa tarea no es f\u00e1cil, ya que ellos tienen que cumplir con las demandas de dos sistemas productivos distintos, a la vez de tener que explorar y negociar, casi sin ayuda de las generaciones anteriores, las pr\u00e1cticas adecuadas para navegar el nuevo ambiente digital.<\/p>\n<p><strong>Formando ciudadan\u00eda digital busca estudiar la relaci\u00f3n de las nuevas generaciones y sus familias con las tecnolog\u00edas digitales, para promover estrategias saludables y provechosas de acompa\u00f1amiento de las ni\u00f1as, ni\u00f1os y adolescentes en su desarrollo como ciudadanos responsables, creativos y que vayan adquiriendo autonom\u00eda en un espacio que funciona, en parte, digitalmente.<\/strong><\/p>\n","protected":false},"excerpt":{"rendered":"El programa Formando Ciudadan\u00eda Digital de la Escuela de Comunicaciones y Periodismo de la UAI busca que por medio de&#8230;","protected":false},"author":2,"featured_media":0,"parent":0,"menu_order":1,"comment_status":"closed","ping_status":"closed","template":"","meta":{"_acf_changed":false,"footnotes":""},"class_list":["post-7","page","type-page","status-publish","hentry"],"acf":[],"_links":{"self":[{"href":"https:\/\/robotlab.uai.cl\/en\/wp-json\/wp\/v2\/pages\/7","targetHints":{"allow":["GET"]}}],"collection":[{"href":"https:\/\/robotlab.uai.cl\/en\/wp-json\/wp\/v2\/pages"}],"about":[{"href":"https:\/\/robotlab.uai.cl\/en\/wp-json\/wp\/v2\/types\/page"}],"author":[{"embeddable":true,"href":"https:\/\/robotlab.uai.cl\/en\/wp-json\/wp\/v2\/users\/2"}],"replies":[{"embeddable":true,"href":"https:\/\/robotlab.uai.cl\/en\/wp-json\/wp\/v2\/comments?post=7"}],"version-history":[{"count":0,"href":"https:\/\/robotlab.uai.cl\/en\/wp-json\/wp\/v2\/pages\/7\/revisions"}],"wp:attachment":[{"href":"https:\/\/robotlab.uai.cl\/en\/wp-json\/wp\/v2\/media?parent=7"}],"curies":[{"name":"wp","href":"https:\/\/api.w.org\/{rel}","templated":true}]}}