{"id":737,"date":"2020-11-13T18:25:28","date_gmt":"2020-11-13T21:25:28","guid":{"rendered":"http:\/\/robotlab.uai.cl\/web\/?page_id=737"},"modified":"2020-11-17T05:08:35","modified_gmt":"2020-11-17T08:08:35","slug":"contacto","status":"publish","type":"page","link":"https:\/\/robotlab.uai.cl\/en\/contacto\/","title":{"rendered":"Contact"},"content":{"rendered":"<p><\/p>\n<div class=\"bloq-contacto\">\n<h2>VI\u00d1A DEL MAR<\/h2>\n<p>Padre Hurtado 750, Vi\u00f1a del Mar<\/p>\n<p>(sede oficial RobotLAB)<\/p>\n<p>+56 322503500<\/p>\n<h2>SANTIAGO<\/h2>\n<p>Diagonal las Torres 2640, Pe\u00f1alol\u00e9n<br \/>\nAv. Presidente Err\u00e1zuriz 3485, Las Condes<\/p>\n<p>+56 223311000<\/p>\n<h2>EMAIL<\/h2>\n<p>robotlab@uai.cl<\/p>\n<\/div>\n<p><\/p>","protected":false},"excerpt":{"rendered":"VI\u00d1A DEL MAR Padre Hurtado 750, Vi\u00f1a del Mar (sede oficial RobotLAB) +56 322503500 SANTIAGO Diagonal las Torres 2640, Pe\u00f1alol\u00e9n&#8230;","protected":false},"author":2,"featured_media":958,"parent":0,"menu_order":1,"comment_status":"closed","ping_status":"closed","template":"","meta":{"_acf_changed":false,"footnotes":""},"class_list":["post-737","page","type-page","status-publish","has-post-thumbnail","hentry"],"acf":[],"_links":{"self":[{"href":"https:\/\/robotlab.uai.cl\/en\/wp-json\/wp\/v2\/pages\/737","targetHints":{"allow":["GET"]}}],"collection":[{"href":"https:\/\/robotlab.uai.cl\/en\/wp-json\/wp\/v2\/pages"}],"about":[{"href":"https:\/\/robotlab.uai.cl\/en\/wp-json\/wp\/v2\/types\/page"}],"author":[{"embeddable":true,"href":"https:\/\/robotlab.uai.cl\/en\/wp-json\/wp\/v2\/users\/2"}],"replies":[{"embeddable":true,"href":"https:\/\/robotlab.uai.cl\/en\/wp-json\/wp\/v2\/comments?post=737"}],"version-history":[{"count":9,"href":"https:\/\/robotlab.uai.cl\/en\/wp-json\/wp\/v2\/pages\/737\/revisions"}],"predecessor-version":[{"id":1059,"href":"https:\/\/robotlab.uai.cl\/en\/wp-json\/wp\/v2\/pages\/737\/revisions\/1059"}],"wp:featuredmedia":[{"embeddable":true,"href":"https:\/\/robotlab.uai.cl\/en\/wp-json\/wp\/v2\/media\/958"}],"wp:attachment":[{"href":"https:\/\/robotlab.uai.cl\/en\/wp-json\/wp\/v2\/media?parent=737"}],"curies":[{"name":"wp","href":"https:\/\/api.w.org\/{rel}","templated":true}]}}