{"id":752,"date":"2020-11-13T18:35:18","date_gmt":"2020-11-13T21:35:18","guid":{"rendered":"http:\/\/robotlab.uai.cl\/web\/?page_id=752"},"modified":"2021-06-04T17:03:31","modified_gmt":"2021-06-04T20:03:31","slug":"publicaciones","status":"publish","type":"page","link":"https:\/\/robotlab.uai.cl\/en\/investigacion\/publicaciones\/","title":{"rendered":"Academic publications"},"content":{"rendered":"<p>Edwards, C., Edwards, A., Spence, P. R., Rosenthal-von der Putten, Westerman, D., Guzman, A., <strong>Rodriguez-Hidalgo, C.T.<\/strong> (2021, March). <a href=\"https:\/\/dl.ahttps:\/\/dl.acm.org\/doi\/abs\/10.1145\/3434074.3444866cm.org\/doi\/abs\/10.1145\/3434074.3444866\">Building bridges and not walls: Expanding the human-machine communication connections within HRI<\/a>. Companion of the 2021 ACM\/IEEE International Conference on Human-Robot Interaction.<\/p>\n<p><strong>Rodriguez-Hidalgo, C. T.<\/strong> (noviembre 2020). <a href=\"http:\/\/robotlab.uai.cl\/web\/wp-content\/uploads\/2020\/11\/La_Robotica_al_Servicio_de_la_Pandemia_4nov.pdf\">La rob\u00f3tica social en pandemia: Los desaf\u00edos \u00e9ticos de un nuevo medio de comunicaci\u00f3n y c\u00f3mo aprovechar sus potencialidades<\/a>. Publicaci\u00f3n de la Mesa P\u00fablico privada de rob\u00f3tica del grupo interparlamentario chileno japon\u00e9s, Biblioteca del Congreso Nacional de Chile (BCN).<\/p>\n<p><strong>Rodr\u00edguez-Hidalgo, C.T.<\/strong> (2020). <a href=\"http:\/\/robotlab.uai.cl\/web\/wp-content\/uploads\/2020\/11\/Me-and-My-Robot-Smiled-at-One-Another_RodriguezHidalgo.pdf\">Me and My Robot Smiled at One Another: The Process of Socially Enacted Communicative Affordance in Human-Machine Communication. Human-Machine Communication<\/a>, 1(1), 4.<\/p>\n<p><strong>Rodriguez-Hidalgo, C.T., Araya, F., Dias, V., Pantoja, A., Araya, H.<\/strong> (2020). <a href=\"http:\/\/robotlab.uai.cl\/web\/wp-content\/uploads\/2020\/11\/urn_nbn_de_0011-n-5958261-Proceeding-HRI2020.pdf\">Generating empathic responses from a social robot. An integrative multimodal communication framework using SIMA robot<\/a>. In companion of the 2020 ACM\/IEEE International Conference on Human-Robot Interaction, Cambridge, United Kingdom.<\/p>\n<p><strong>Rodr\u00edguez-Hidalgo, C.T.<\/strong> (marzo 2020). <a href=\"http:\/\/robotlab.uai.cl\/web\/wp-content\/uploads\/2020\/11\/Me-and-My-Robot-Smiled-at-One-Another_RodriguezHidalgo.pdf\">\u2018Interacting with my robot affords me to\u2026\u2019: Applying the communication affordances approach to human robot interaction<\/a>. Presentado durante el taller de \u201cPatrones del comportamiento y modelado de interacci\u00f3n\u201d de la Conferencia Internacional de Interacci\u00f3n Humano-Robot (HRI, por sus siglas en ingl\u00e9s), Cambridge, 2020.<\/p>\n<p><strong>Rodriguez-Hidalgo, C.T.<\/strong> (mayo 2019). <a href=\"http:\/\/robotlab.uai.cl\/web\/wp-content\/uploads\/2020\/11\/Parental-expectations-and-mediation-practices-of-a-Sima-robot-at-home_RodriguezHidalgo.pdf\">\u2018It\u2019s like a cartoon character that can teach my children\u2019: Expectations, perceptions and parental mediation practices of parents with Sima robot at home<\/a>. Presentado durante la preconferencia del grupo de inter\u00e9s \u2018Comunicaci\u00f3n humano-m\u00e1quina\u2019 de la 69 Conferencia de la International Communication Association (ICA), Washington, DC.Edwards, C., Edwards, A., Spence, P. R., Rosenthal-von der Putten, Westerman, D., Guzman, A., <strong>Rodriguez-Hidalgo, C.T.<\/strong> (2021, March). <a href=\"https:\/\/dl.ahttps:\/\/dl.acm.org\/doi\/abs\/10.1145\/3434074.3444866cm.org\/doi\/abs\/10.1145\/3434074.3444866\">Building bridges and not walls: Expanding the human-machine communication connections within HRI<\/a>. Companion of the 2021 ACM\/IEEE International Conference on Human-Robot Interaction.<\/p>\n<p><strong>Rodriguez-Hidalgo, C. T.<\/strong> (november 2020). <a href=\"http:\/\/robotlab.uai.cl\/web\/wp-content\/uploads\/2020\/11\/La_Robotica_al_Servicio_de_la_Pandemia_4nov.pdf\"><strong>Social robotics in the pandemic: <\/strong>The ethical challenges of a new communication media and how to use its potentialities<\/a>. Publicacion of the public-private robotics group of the chilean-japanese inter parliamentary group, National Library of the Chilean Congress (BCN).<\/p>\n<p><strong>Rodr\u00edguez-Hidalgo, C.T.<\/strong> (2020). <a href=\"http:\/\/robotlab.uai.cl\/web\/wp-content\/uploads\/2020\/11\/Me-and-My-Robot-Smiled-at-One-Another_RodriguezHidalgo.pdf\">Me and My Robot Smiled at One Another: The Process of Socially Enacted Communicative Affordance in Human-Machine Communication. Human-Machine Communication<\/a>, 1(1), 4.<\/p>\n<p><strong>Rodriguez-Hidalgo, C.T., Araya, F., Dias, V., Pantoja, A., Araya, H.<\/strong> (2020). <a href=\"http:\/\/robotlab.uai.cl\/web\/wp-content\/uploads\/2020\/11\/urn_nbn_de_0011-n-5958261-Proceeding-HRI2020.pdf\">Generating empathic responses from a social robot. An integrative multimodal communication framework using SIMA robot<\/a>. In companion of the 2020 ACM\/IEEE International Conference on Human-Robot Interaction, Cambridge, United Kingdom.<\/p>\n<p><strong>Rodr\u00edguez-Hidalgo, C.T.<\/strong> (March 2020). \u2018Interacting with my robot affords me to\u2026\u2019: Applying the communication affordances approach to human robot interaction. Presented during the &#8220;Behavioral Patterns and Interaction Modeling&#8221; Workshop at the International Human-Robot Interaction Conference (HRI), Cambridge, 2020.<\/p>\n<p><strong>Rodriguez-Hidalgo, C.T.<\/strong> (march 2019). <a href=\"http:\/\/robotlab.uai.cl\/web\/wp-content\/uploads\/2020\/11\/Parental-expectations-and-mediation-practices-of-a-Sima-robot-at-home_RodriguezHidalgo.pdf\">\u2018It\u2019s like a cartoon character that can teach my children\u2019: Expectations, perceptions and parental mediation practices of parents with Sima robot at home<\/a>. Presented during the pre-conference of the interest group \u2018Human-Machine Communication\u2019 of the 69 International Communication Association (ICA) Conference, Washington, DC.<\/p>","protected":false},"excerpt":{"rendered":"Edwards, C., Edwards, A., Spence, P. R., Rosenthal-von der Putten, Westerman, D., Guzman, A., Rodriguez-Hidalgo, C.T. (2021, March). Building bridges&#8230;","protected":false},"author":2,"featured_media":1014,"parent":728,"menu_order":3,"comment_status":"closed","ping_status":"closed","template":"","meta":{"_acf_changed":false,"footnotes":""},"class_list":["post-752","page","type-page","status-publish","has-post-thumbnail","hentry"],"acf":[],"_links":{"self":[{"href":"https:\/\/robotlab.uai.cl\/en\/wp-json\/wp\/v2\/pages\/752","targetHints":{"allow":["GET"]}}],"collection":[{"href":"https:\/\/robotlab.uai.cl\/en\/wp-json\/wp\/v2\/pages"}],"about":[{"href":"https:\/\/robotlab.uai.cl\/en\/wp-json\/wp\/v2\/types\/page"}],"author":[{"embeddable":true,"href":"https:\/\/robotlab.uai.cl\/en\/wp-json\/wp\/v2\/users\/2"}],"replies":[{"embeddable":true,"href":"https:\/\/robotlab.uai.cl\/en\/wp-json\/wp\/v2\/comments?post=752"}],"version-history":[{"count":15,"href":"https:\/\/robotlab.uai.cl\/en\/wp-json\/wp\/v2\/pages\/752\/revisions"}],"predecessor-version":[{"id":1126,"href":"https:\/\/robotlab.uai.cl\/en\/wp-json\/wp\/v2\/pages\/752\/revisions\/1126"}],"up":[{"embeddable":true,"href":"https:\/\/robotlab.uai.cl\/en\/wp-json\/wp\/v2\/pages\/728"}],"wp:featuredmedia":[{"embeddable":true,"href":"https:\/\/robotlab.uai.cl\/en\/wp-json\/wp\/v2\/media\/1014"}],"wp:attachment":[{"href":"https:\/\/robotlab.uai.cl\/en\/wp-json\/wp\/v2\/media?parent=752"}],"curies":[{"name":"wp","href":"https:\/\/api.w.org\/{rel}","templated":true}]}}